{"id":219,"date":"2023-07-19T09:00:07","date_gmt":"2023-07-19T07:00:07","guid":{"rendered":"https:\/\/ocelldefocfanal.cat\/?page_id=219"},"modified":"2025-07-24T09:48:52","modified_gmt":"2025-07-24T07:48:52","slug":"espai-de-persones-referents-de-joves-i-o-entitats","status":"publish","type":"page","link":"https:\/\/ocelldefocfanal.cat\/index.php\/espai-de-persones-referents-de-joves-i-o-entitats\/","title":{"rendered":"Espai de persones referents de joves i\/o entitats"},"content":{"rendered":"\n<p><\/p>\n\n\n\n<div class=\"wp-block-media-text alignwide is-stacked-on-mobile\"><figure class=\"wp-block-media-text__media\"><img fetchpriority=\"high\" decoding=\"async\" width=\"779\" height=\"1024\" src=\"https:\/\/ocelldefocfanal.cat\/wp-content\/uploads\/2023\/07\/mapa-chincheta-alta-vista-sobre-fondo-blanco-779x1024.jpg\" alt=\"\" class=\"wp-image-222 size-full\" srcset=\"https:\/\/ocelldefocfanal.cat\/wp-content\/uploads\/2023\/07\/mapa-chincheta-alta-vista-sobre-fondo-blanco-779x1024.jpg 779w, https:\/\/ocelldefocfanal.cat\/wp-content\/uploads\/2023\/07\/mapa-chincheta-alta-vista-sobre-fondo-blanco-228x300.jpg 228w, https:\/\/ocelldefocfanal.cat\/wp-content\/uploads\/2023\/07\/mapa-chincheta-alta-vista-sobre-fondo-blanco-768x1010.jpg 768w, https:\/\/ocelldefocfanal.cat\/wp-content\/uploads\/2023\/07\/mapa-chincheta-alta-vista-sobre-fondo-blanco-1168x1536.jpg 1168w, https:\/\/ocelldefocfanal.cat\/wp-content\/uploads\/2023\/07\/mapa-chincheta-alta-vista-sobre-fondo-blanco-1558x2048.jpg 1558w, https:\/\/ocelldefocfanal.cat\/wp-content\/uploads\/2023\/07\/mapa-chincheta-alta-vista-sobre-fondo-blanco-scaled.jpg 1947w\" sizes=\"(max-width: 779px) 100vw, 779px\" \/><\/figure><div class=\"wp-block-media-text__content\">\n<p>La construcci\u00f3 i enfortiment de la xarxa comunit\u00e0ria al Baix Llobregat \u00e9s un eix principal en el desenvolupament del projecte. Qualsevol agent del territori que treballi amb joves o en la xarxa de salut mental, \u00e9s una pe\u00e7a clau en el nostre projecte. <\/p>\n\n\n\n<p>La xarxa comunit\u00e0ria \u00e9s la comunitat, amb tots els agents, que participen de forma activa en el diseny, construcci\u00f3 i execuci\u00f3 de programes que cerquin la millora del benestar de certs grups de persones que es troben en una situaci\u00f3 de major vulnerabilitat.<\/p>\n\n\n\n<p>\u00c9s la organitzaci\u00f3 dels diferents agents de la comunitat, que de forma horitzontal i no jer\u00e0rquica, treballen entorn a temes, preocupacions o problem\u00e0tiques comuns, per a treballar activament en la millora i qualitat de vida de les persones. <\/p>\n\n\n\n<p>Aquests agents poden ser des d&#8217;administracions locals, professionals d&#8217;ajuntaments, professionals de sectors relacionats amb la millora de qualitat de vida (atenci\u00f3 prim\u00e0ria, RBEC, benestar social, educaci\u00f3 formal i no formal, etc.), col\u00b7lectius, associacions, ve\u00efns i ve\u00efnes i com a eix vertebrador i en refer\u00e8ncia al nostre projecte, les persones joves. <\/p>\n\n\n\n<p>En aquest sentit, dia a dia, intentem fomentar aquesta xarxa de recursos, serveis i agents que existeixen en el territori del Baix Llobregat per a enriquir-nos col\u00b7lectivament, con\u00e8ixer i connectar els diversos recursos i intentar complementar-nos en els nostres quefers. <\/p>\n\n\n\n<p>Si ets una persona referent de joves, una entitat, l&#8217;administraci\u00f3 p\u00fablica, etc. et pots posar en contacte amb nosaltres i podem reunir-nos per veure com seguir constru\u00efnt col\u00b7lectivament aquesta xarxa comunit\u00e0ria.<\/p>\n\n\n\n<p>En aquest <strong><a rel=\"noreferrer noopener\" href=\"https:\/\/forms.gle\/kS8PKGaS7qv2ow9E9\" data-type=\"URL\" data-id=\"https:\/\/forms.gle\/kS8PKGaS7qv2ow9E9\" target=\"_blank\">FORMULARI<\/a><\/strong>, recollim les necessitats i possibles col\u00b7laboracions que podem portar a terme en el projecte.<\/p>\n\n\n\n<p>Per a qualsevol dubte, aclariment o proposta de reuni\u00f3, pots posar-te en contacte amb nosaltres a trav\u00e9s de ocelldefoc@cordibaix.org o fanaldelbaix@cordibaix.org<\/p>\n<\/div><\/div>\n","protected":false},"excerpt":{"rendered":"<p>La construcci\u00f3 i enfortiment de la xarxa comunit\u00e0ria al Baix Llobregat \u00e9s un eix principal en el desenvolupament del projecte. Qualsevol agent del territori que treballi amb joves o en la xarxa de salut mental, \u00e9s una pe\u00e7a clau en el nostre projecte. La xarxa comunit\u00e0ria \u00e9s la comunitat, amb tots els agents, que participen de forma activa en el diseny, construcci\u00f3 i execuci\u00f3 de programes que cerquin la millora del benestar de certs grups de persones que es troben en una situaci\u00f3 de major vulnerabilitat. \u00c9s la organitzaci\u00f3 dels diferents agents de la comunitat, que de forma horitzontal i<\/p>\n","protected":false},"author":1,"featured_media":0,"parent":0,"menu_order":0,"comment_status":"closed","ping_status":"closed","template":"","meta":{"footnotes":""},"class_list":["post-219","page","type-page","status-publish","hentry"],"_links":{"self":[{"href":"https:\/\/ocelldefocfanal.cat\/index.php\/wp-json\/wp\/v2\/pages\/219","targetHints":{"allow":["GET"]}}],"collection":[{"href":"https:\/\/ocelldefocfanal.cat\/index.php\/wp-json\/wp\/v2\/pages"}],"about":[{"href":"https:\/\/ocelldefocfanal.cat\/index.php\/wp-json\/wp\/v2\/types\/page"}],"author":[{"embeddable":true,"href":"https:\/\/ocelldefocfanal.cat\/index.php\/wp-json\/wp\/v2\/users\/1"}],"replies":[{"embeddable":true,"href":"https:\/\/ocelldefocfanal.cat\/index.php\/wp-json\/wp\/v2\/comments?post=219"}],"version-history":[{"count":2,"href":"https:\/\/ocelldefocfanal.cat\/index.php\/wp-json\/wp\/v2\/pages\/219\/revisions"}],"predecessor-version":[{"id":364,"href":"https:\/\/ocelldefocfanal.cat\/index.php\/wp-json\/wp\/v2\/pages\/219\/revisions\/364"}],"wp:attachment":[{"href":"https:\/\/ocelldefocfanal.cat\/index.php\/wp-json\/wp\/v2\/media?parent=219"}],"curies":[{"name":"wp","href":"https:\/\/api.w.org\/{rel}","templated":true}]}}